{"id":2765,"date":"2026-03-20T09:50:24","date_gmt":"2026-03-20T01:50:24","guid":{"rendered":"https:\/\/brandkaleidoscope.info\/?post_type=product&#038;p=2765"},"modified":"2026-04-02T14:50:39","modified_gmt":"2026-04-02T06:50:39","slug":"custom-rednote-kol-campaign-strategy","status":"publish","type":"product","link":"https:\/\/brandkaleidoscope.info\/es\/producto\/custom-rednote-kol-campaign-strategy\/","title":{"rendered":"Estrategia de la campa\u00f1a RedNote KOL"},"content":{"rendered":"<p>Libere todo el potencial de su marca en RedNote con un <strong>Estrategia de marketing KOL<\/strong> adaptado a sus objetivos, p\u00fablico y categor\u00eda.<\/p>\n<p>Si eres nuevo en el marketing de influencers en RedNote, o has realizado campa\u00f1as pero los resultados no son consistentes, esto te dar\u00e1 un plan claro para planificar, informar y ejecutar con confianza. <strong>sin gesti\u00f3n mensual de las redes sociales<\/strong>.<\/p>\n<p><strong>Lo que obtienes:<\/strong><\/p>\n<ul>\n<li>\ud83d\udccb A <strong>estrategia de campa\u00f1a<\/strong> alineados con sus objetivos (notoriedad, demanda o ventas)<\/li>\n<li>\ud83c\udfaf A <strong>plan mixto creador<\/strong> (KOC vs nivel medio vs nivel superior) + criterios de selecci\u00f3n<\/li>\n<li>\ud83e\udde0 <strong>\u00c1ngulos creativos y direcci\u00f3n del briefing<\/strong> que se ajusten a la cultura de RedNote y al tono de su marca<\/li>\n<li>\ud83d\udd0d A <strong>an\u00e1lisis de la competencia y del mercado<\/strong> (qui\u00e9n gana, qu\u00e9 funciona, d\u00f3nde diferenciarse)<\/li>\n<li>\ud83d\udcc8 A <strong>marco de seguimiento + m\u00e9tricas de \u00e9xito<\/strong> (qu\u00e9 medir, c\u00f3mo aprender, pr\u00f3ximos pasos)<\/li>\n<li>\ud83e\uddfe A <strong>plan de ejecuci\u00f3n paso a paso<\/strong> que su equipo puede gestionar internamente (calendario, flujo de trabajo, resultados)<\/li>\n<\/ul>\n<p><strong>\u00bfPor qu\u00e9 elegir esta estrategia?<\/strong><\/p>\n<p>No se trata de una baraja \u00fanica. Me tomo el tiempo necesario para comprender su marca, su p\u00fablico y el contexto de su mercado para elaborar una estrategia que se adapte a sus necesidades. <em>su<\/em> categor\u00eda y presupuesto.<\/p>\n<p>Se ir\u00e1 con un plan realista, culturalmente fluido y ejecutable, tanto si su equipo lo lleva a cabo internamente como si m\u00e1s adelante decide subcontratar partes de la ejecuci\u00f3n.<\/p>\n<p><strong>C\u00f3mo trabajamos:<\/strong><\/p>\n<p>1\ufe0f\u20e3 Tras la compra, recibir\u00e1 un <strong>auto-delivery intake doc<\/strong> en el <strong>p\u00e1gina de confirmaci\u00f3n del pedido<\/strong> para que pueda conocer su marca, sus objetivos y sus limitaciones.<\/p>\n<p>2\ufe0f\u20e3 Una vez que reciba sus respuestas, revisar\u00e9 sus activos actuales y puede que le haga algunas preguntas aclaratorias.<\/p>\n<p>3\ufe0f\u20e3 Dentro de la semana siguiente, elaborar\u00e9 su <strong>estrategia de campa\u00f1a KOL personalizada<\/strong> y entreg\u00e1rselo.<\/p>\n<p>4\ufe0f\u20e3 Programaremos una <strong>Llamada de 30 minutos<\/strong> para repasar el plan y asegurarse de que sabe c\u00f3mo aplicarlo.<\/p>\n<p><strong>Ideal para:<\/strong><\/p>\n<ul>\n<li>Las marcas preparan su primera prueba RedNote KOL<\/li>\n<li>Las marcas que han publicado contenidos pero necesitan una clara <strong>plan de campa\u00f1a<\/strong> impulsar los resultados<\/li>\n<li>Fundadores y equipos de marketing que desean una direcci\u00f3n experta <strong>sin un anticipo de gesti\u00f3n mensual<\/strong><\/li>\n<\/ul>\n<p>*Las sesiones de estrategia y los servicios de consultor\u00eda no son reembolsables una vez adquiridos debido a la reserva de tiempo y la preparaci\u00f3n.<\/p>","protected":false},"excerpt":{"rendered":"<p>Unlock your brand\u2019s full potential on RedNote with a KOL marketing strategy tailored to your goals, audience, and category. If you\u2019re new to influencer marketing on RedNote, or you\u2019ve run campaigns but results feel inconsistent, this gives you a clear blueprint to plan, brief, and execute with confidence \u2014 without monthly social media management. What [&hellip;]<\/p>\n","protected":false},"featured_media":3233,"comment_status":"open","ping_status":"closed","template":"","meta":{"site-sidebar-layout":"default","site-content-layout":"","ast-site-content-layout":"default","site-content-style":"default","site-sidebar-style":"default","ast-global-header-display":"","ast-banner-title-visibility":"","ast-main-header-display":"","ast-hfb-above-header-display":"","ast-hfb-below-header-display":"","ast-hfb-mobile-header-display":"","site-post-title":"","ast-breadcrumbs-content":"","ast-featured-img":"","footer-sml-layout":"","ast-disable-related-posts":"","theme-transparent-header-meta":"default","adv-header-id-meta":"","stick-header-meta":"","header-above-stick-meta":"","header-main-stick-meta":"","header-below-stick-meta":"","astra-migrate-meta-layouts":"set","ast-page-background-enabled":"default","ast-page-background-meta":{"desktop":{"background-color":"","background-image":"","background-repeat":"repeat","background-position":"center center","background-size":"auto","background-attachment":"scroll","background-type":"","background-media":"","overlay-type":"","overlay-color":"","overlay-opacity":"","overlay-gradient":""},"tablet":{"background-color":"","background-image":"","background-repeat":"repeat","background-position":"center center","background-size":"auto","background-attachment":"scroll","background-type":"","background-media":"","overlay-type":"","overlay-color":"","overlay-opacity":"","overlay-gradient":""},"mobile":{"background-color":"","background-image":"","background-repeat":"repeat","background-position":"center center","background-size":"auto","background-attachment":"scroll","background-type":"","background-media":"","overlay-type":"","overlay-color":"","overlay-opacity":"","overlay-gradient":""}},"ast-content-background-meta":{"desktop":{"background-color":"var(--ast-global-color-5)","background-image":"","background-repeat":"repeat","background-position":"center center","background-size":"auto","background-attachment":"scroll","background-type":"","background-media":"","overlay-type":"","overlay-color":"","overlay-opacity":"","overlay-gradient":""},"tablet":{"background-color":"var(--ast-global-color-5)","background-image":"","background-repeat":"repeat","background-position":"center center","background-size":"auto","background-attachment":"scroll","background-type":"","background-media":"","overlay-type":"","overlay-color":"","overlay-opacity":"","overlay-gradient":""},"mobile":{"background-color":"var(--ast-global-color-5)","background-image":"","background-repeat":"repeat","background-position":"center center","background-size":"auto","background-attachment":"scroll","background-type":"","background-media":"","overlay-type":"","overlay-color":"","overlay-opacity":"","overlay-gradient":""}}},"product_brand":[],"product_cat":[21],"product_tag":[],"class_list":{"0":"post-2765","1":"product","2":"type-product","3":"status-publish","4":"has-post-thumbnail","6":"product_cat-uncategorized","7":"desktop-align-left","8":"tablet-align-left","9":"mobile-align-left","11":"first","12":"instock","13":"shipping-taxable","14":"purchasable","15":"product-type-simple"},"booking_location":null,"booking_location_type":null,"booking_duration":null,"booking_duration_unit":null,"booking_buffer":null,"booking_cost":null,"booking_resources":null,"jetpack_sharing_enabled":true,"_links":{"self":[{"href":"https:\/\/brandkaleidoscope.info\/es\/wp-json\/wp\/v2\/product\/2765","targetHints":{"allow":["GET"]}}],"collection":[{"href":"https:\/\/brandkaleidoscope.info\/es\/wp-json\/wp\/v2\/product"}],"about":[{"href":"https:\/\/brandkaleidoscope.info\/es\/wp-json\/wp\/v2\/types\/product"}],"replies":[{"embeddable":true,"href":"https:\/\/brandkaleidoscope.info\/es\/wp-json\/wp\/v2\/comments?post=2765"}],"wp:featuredmedia":[{"embeddable":true,"href":"https:\/\/brandkaleidoscope.info\/es\/wp-json\/wp\/v2\/media\/3233"}],"wp:attachment":[{"href":"https:\/\/brandkaleidoscope.info\/es\/wp-json\/wp\/v2\/media?parent=2765"}],"wp:term":[{"taxonomy":"product_brand","embeddable":true,"href":"https:\/\/brandkaleidoscope.info\/es\/wp-json\/wp\/v2\/product_brand?post=2765"},{"taxonomy":"product_cat","embeddable":true,"href":"https:\/\/brandkaleidoscope.info\/es\/wp-json\/wp\/v2\/product_cat?post=2765"},{"taxonomy":"product_tag","embeddable":true,"href":"https:\/\/brandkaleidoscope.info\/es\/wp-json\/wp\/v2\/product_tag?post=2765"}],"curies":[{"name":"wp","href":"https:\/\/api.w.org\/{rel}","templated":true}]}}