{"id":2688,"date":"2026-03-20T01:10:50","date_gmt":"2026-03-19T17:10:50","guid":{"rendered":"https:\/\/brandkaleidoscope.info\/?page_id=2688"},"modified":"2026-03-30T10:32:44","modified_gmt":"2026-03-30T02:32:44","slug":"blog","status":"publish","type":"page","link":"https:\/\/brandkaleidoscope.info\/es\/blog\/","title":{"rendered":"Blog"},"content":{"rendered":"<div data-elementor-type=\"wp-post\" data-elementor-id=\"2688\" class=\"elementor elementor-2688\" data-elementor-post-type=\"page\">\n\t\t\t\t<div class=\"elementor-element elementor-element-9e34934 e-flex e-con-boxed elementor-invisible e-con e-parent\" data-id=\"9e34934\" data-element_type=\"container\" data-e-type=\"container\" data-settings=\"{&quot;background_background&quot;:&quot;classic&quot;,&quot;animation&quot;:&quot;fadeIn&quot;}\">\n\t\t\t\t\t<div class=\"e-con-inner\">\n\t\t<div class=\"elementor-element elementor-element-77140b5 e-con-full e-flex e-con e-child\" data-id=\"77140b5\" data-element_type=\"container\" data-e-type=\"container\">\n\t\t\t\t<div class=\"elementor-element elementor-element-5c922f6 elementor-widget elementor-widget-heading\" data-id=\"5c922f6\" data-element_type=\"widget\" data-e-type=\"widget\" data-widget_type=\"heading.default\">\n\t\t\t\t<div class=\"elementor-widget-container\">\n\t\t\t\t\t<h1 class=\"elementor-heading-title elementor-size-default\">Blogs<\/h1>\t\t\t\t<\/div>\n\t\t\t\t<\/div>\n\t\t\t\t<div class=\"elementor-element elementor-element-c2f6c3d elementor-widget elementor-widget-heading\" data-id=\"c2f6c3d\" data-element_type=\"widget\" data-e-type=\"widget\" data-widget_type=\"heading.default\">\n\t\t\t\t<div class=\"elementor-widget-container\">\n\t\t\t\t\t<h4 class=\"elementor-heading-title elementor-size-default\">Transmite calor, no ruido<\/h4>\t\t\t\t<\/div>\n\t\t\t\t<\/div>\n\t\t\t\t<div class=\"elementor-element elementor-element-f3d4a4d elementor-widget elementor-widget-text-editor\" data-id=\"f3d4a4d\" data-element_type=\"widget\" data-e-type=\"widget\" data-widget_type=\"text-editor.default\">\n\t\t\t\t<div class=\"elementor-widget-container\">\n\t\t\t\t\t\t\t\t\t<p>Compartimos ideas, estrategias y tendencias emergentes en Xiaohongshu, ayudando a las marcas a entender c\u00f3mo interactuar eficazmente con los consumidores chinos y mantenerse a la vanguardia en un panorama digital en r\u00e1pida evoluci\u00f3n.<\/p>\t\t\t\t\t\t\t\t<\/div>\n\t\t\t\t<\/div>\n\t\t\t\t<\/div>\n\t\t\t\t\t<\/div>\n\t\t\t\t<\/div>\n\t\t<div class=\"elementor-element elementor-element-37dd287 e-flex e-con-boxed e-con e-parent\" data-id=\"37dd287\" data-element_type=\"container\" data-e-type=\"container\" data-settings=\"{&quot;background_background&quot;:&quot;classic&quot;}\">\n\t\t\t\t\t<div class=\"e-con-inner\">\n\t\t<div class=\"elementor-element elementor-element-bcd65e2 e-con-full e-flex e-con e-child\" data-id=\"bcd65e2\" data-element_type=\"container\" data-e-type=\"container\">\n\t\t<div class=\"elementor-element elementor-element-91a90a0 e-con-full e-flex e-con e-child\" data-id=\"91a90a0\" data-element_type=\"container\" data-e-type=\"container\">\n\t\t\t\t<div class=\"elementor-element elementor-element-44e0a5c elementor-widget elementor-widget-hfe-basic-posts\" data-id=\"44e0a5c\" data-element_type=\"widget\" data-e-type=\"widget\" data-widget_type=\"hfe-basic-posts.default\">\n\t\t\t\t<div class=\"elementor-widget-container\">\n\t\t\t\t\t\n<div class=\"hfe-posts-grid\">\n\t\t\t<article class=\"hfe-post-card\">\n\t\t\t\t\t\t\t<div class=\"hfe-post-image\">\n\t\t\t\t\t<a href=\"https:\/\/brandkaleidoscope.info\/es\/xiaohongshu-growth-strategies-four-scalable-approaches-to-drive-million-level-results\/\" rel=\"bookmark\">\n\t\t\t\t\t\t<img loading=\"lazy\" decoding=\"async\" width=\"300\" height=\"161\" src=\"https:\/\/brandkaleidoscope.info\/wp-content\/uploads\/2026\/03\/Xiaohongshu-Growth-Strategies-Four-Scalable-Approaches-to-Drive-Million-Level-Results-300x161.png\" class=\"attachment-medium size-medium wp-post-image\" alt=\"Xiaohongshu Growth Strategies: Four Scalable Approaches to Drive Million-Level Results\" srcset=\"https:\/\/brandkaleidoscope.info\/wp-content\/uploads\/2026\/03\/Xiaohongshu-Growth-Strategies-Four-Scalable-Approaches-to-Drive-Million-Level-Results-300x161.png 300w, https:\/\/brandkaleidoscope.info\/wp-content\/uploads\/2026\/03\/Xiaohongshu-Growth-Strategies-Four-Scalable-Approaches-to-Drive-Million-Level-Results-1024x550.png 1024w, https:\/\/brandkaleidoscope.info\/wp-content\/uploads\/2026\/03\/Xiaohongshu-Growth-Strategies-Four-Scalable-Approaches-to-Drive-Million-Level-Results-768x412.png 768w, https:\/\/brandkaleidoscope.info\/wp-content\/uploads\/2026\/03\/Xiaohongshu-Growth-Strategies-Four-Scalable-Approaches-to-Drive-Million-Level-Results-18x10.png 18w, https:\/\/brandkaleidoscope.info\/wp-content\/uploads\/2026\/03\/Xiaohongshu-Growth-Strategies-Four-Scalable-Approaches-to-Drive-Million-Level-Results-600x322.png 600w, https:\/\/brandkaleidoscope.info\/wp-content\/uploads\/2026\/03\/Xiaohongshu-Growth-Strategies-Four-Scalable-Approaches-to-Drive-Million-Level-Results.png 1200w\" sizes=\"auto, (max-width: 300px) 100vw, 300px\" title=\"Estrategias de crecimiento de Xiaohongshu: Cuatro enfoques escalables para obtener resultados millonarios\">\t\t\t\t\t<\/a>\n\t\t\t\t<\/div>\n\t\t\t\n\t\t\t<div class=\"hfe-post-content\">\n\t\t\t\t\t\t\t\t\t<h3 class=\"hfe-post-title\">\n\t\t\t\t\t\t<a href=\"https:\/\/brandkaleidoscope.info\/es\/xiaohongshu-growth-strategies-four-scalable-approaches-to-drive-million-level-results\/\" rel=\"bookmark\">\n\t\t\t\t\t\t\tEstrategias de crecimiento de Xiaohongshu: Cuatro enfoques escalables para obtener resultados millonarios\t\t\t\t\t\t<\/a>\n\t\t\t\t\t<\/h3>\n\t\t\t\t\n\t\t\t\t\t\t\t\t\t<div class=\"hfe-post-meta\">\n\t\t\t\t\t\t<span class=\"hfe-post-date\">2026E7436702965E5<\/span><span class=\"hfe-meta-separator\"> | <\/span><span class=\"hfe-post-author\">por Cindy<\/span>\t\t\t\t\t<\/div>\n\t\t\t\t\n\t\t\t\t\t\t\t\t\t<div class=\"hfe-post-excerpt\">\n\t\t\t\t\t\tEn el \u00faltimo a\u00f1o, Xiaohongshu (RED) ha acelerado significativamente sus esfuerzos de comercializaci\u00f3n, desplegando nuevas capacidades de descubrimiento de...\t\t\t\t\t<\/div>\n\t\t\t\t\n\t\t\t\t\t\t\t<\/div>\n\t\t<\/article>\n\t\t<\/div>\n\t\t\t\t<\/div>\n\t\t\t\t<\/div>\n\t\t\t\t<\/div>\n\t\t\t\t<\/div>\n\t\t\t\t\t<\/div>\n\t\t\t\t<\/div>\n\t\t<div class=\"elementor-element elementor-element-dad37dc e-flex e-con-boxed e-con e-parent\" data-id=\"dad37dc\" data-element_type=\"container\" data-e-type=\"container\" data-settings=\"{&quot;background_background&quot;:&quot;classic&quot;}\">\n\t\t\t\t\t<div class=\"e-con-inner\">\n\t\t<div class=\"elementor-element elementor-element-a5ad80f e-con-full e-flex e-con e-child\" data-id=\"a5ad80f\" data-element_type=\"container\" data-e-type=\"container\" data-settings=\"{&quot;background_background&quot;:&quot;classic&quot;}\">\n\t\t<div class=\"elementor-element elementor-element-9016bdd e-con-full e-flex e-con e-child\" data-id=\"9016bdd\" data-element_type=\"container\" data-e-type=\"container\">\n\t\t\t\t<div class=\"elementor-element elementor-element-7aa3c69 elementor-widget elementor-widget-heading\" data-id=\"7aa3c69\" data-element_type=\"widget\" data-e-type=\"widget\" data-widget_type=\"heading.default\">\n\t\t\t\t<div class=\"elementor-widget-container\">\n\t\t\t\t\t<h3 class=\"elementor-heading-title elementor-size-default\">\u00bfLe gustar\u00eda iniciar un proyecto con nosotros?<\/h3>\t\t\t\t<\/div>\n\t\t\t\t<\/div>\n\t\t\t\t<div class=\"elementor-element elementor-element-0694a9d elementor-widget elementor-widget-text-editor\" data-id=\"0694a9d\" data-element_type=\"widget\" data-e-type=\"widget\" data-widget_type=\"text-editor.default\">\n\t\t\t\t<div class=\"elementor-widget-container\">\n\t\t\t\t\t\t\t\t\t<p>Entrar en el mercado chino requiere algo m\u00e1s que visibilidad: exige comprensi\u00f3n cultural, posicionamiento estrat\u00e9gico y capacidad para generar confianza en una nueva generaci\u00f3n de consumidores.<\/p><p data-start=\"642\" data-end=\"855\">Tanto si desea introducir su marca en China por primera vez como reforzar su presencia en el mercado, actuamos como su socio estrat\u00e9gico, ayud\u00e1ndole a sortear la complejidad y a desbloquear un crecimiento significativo.<\/p><p data-start=\"857\" data-end=\"918\">Estaremos encantados de estudiar c\u00f3mo podemos apoyar su marca.<\/p><p data-start=\"920\" data-end=\"963\" data-is-last-node=\"\" data-is-only-node=\"\"><strong data-start=\"920\" data-end=\"963\" data-is-last-node=\"\">P\u00f3ngase en contacto para iniciar la conversaci\u00f3n.<\/strong><\/p>\t\t\t\t\t\t\t\t<\/div>\n\t\t\t\t<\/div>\n\t\t\t\t<\/div>\n\t\t<div class=\"elementor-element elementor-element-8bc115e e-con-full e-flex e-con e-child\" data-id=\"8bc115e\" data-element_type=\"container\" data-e-type=\"container\">\n\t\t\t\t<div class=\"elementor-element elementor-element-cfaed48 elementor-align-right elementor-tablet-align-right elementor-mobile-align-left elementor-widget elementor-widget-button\" data-id=\"cfaed48\" data-element_type=\"widget\" data-e-type=\"widget\" data-widget_type=\"button.default\">\n\t\t\t\t<div class=\"elementor-widget-container\">\n\t\t\t\t\t\t\t\t\t<div class=\"elementor-button-wrapper\">\n\t\t\t\t\t<a class=\"elementor-button elementor-button-link elementor-size-sm\" href=\"https:\/\/brandkaleidoscope.info\/es\/contact\/\" target=\"_blank\">\n\t\t\t\t\t\t<span class=\"elementor-button-content-wrapper\">\n\t\t\t\t\t\t\t\t\t<span class=\"elementor-button-text\">P\u00f3ngase en contacto con nosotros<\/span>\n\t\t\t\t\t<\/span>\n\t\t\t\t\t<\/a>\n\t\t\t\t<\/div>\n\t\t\t\t\t\t\t\t<\/div>\n\t\t\t\t<\/div>\n\t\t\t\t<\/div>\n\t\t\t\t<\/div>\n\t\t\t\t\t<\/div>\n\t\t\t\t<\/div>\n\t\t\t\t<\/div>","protected":false},"excerpt":{"rendered":"<p>Blogs Convey warmth, not noise We share insights, strategies, and emerging trends on Xiaohongshu, helping brands understand how to effectively engage with Chinese consumers and stay ahead in a fast-evolving digital landscape. Xiaohongshu Growth Strategies: Four Scalable Approaches to Drive Million-Level Results 2026\u5e743\u670829\u65e5 | by Cindy Over the past year, Xiaohongshu (RED) has significantly accelerated [&hellip;]<\/p>\n","protected":false},"author":1,"featured_media":0,"parent":0,"menu_order":0,"comment_status":"closed","ping_status":"closed","template":"elementor_theme","meta":{"site-sidebar-layout":"no-sidebar","site-content-layout":"page-builder","ast-site-content-layout":"default","site-content-style":"default","site-sidebar-style":"default","ast-global-header-display":"","ast-banner-title-visibility":"","ast-main-header-display":"","ast-hfb-above-header-display":"","ast-hfb-below-header-display":"","ast-hfb-mobile-header-display":"","site-post-title":"disabled","ast-breadcrumbs-content":"","ast-featured-img":"disabled","footer-sml-layout":"","ast-disable-related-posts":"","theme-transparent-header-meta":"enabled","adv-header-id-meta":"","stick-header-meta":"","header-above-stick-meta":"","header-main-stick-meta":"","header-below-stick-meta":"","astra-migrate-meta-layouts":"default","ast-page-background-enabled":"default","ast-page-background-meta":{"desktop":{"background-color":"","background-image":"","background-repeat":"repeat","background-position":"center center","background-size":"auto","background-attachment":"scroll","background-type":"","background-media":"","overlay-type":"","overlay-color":"","overlay-opacity":"","overlay-gradient":""},"tablet":{"background-color":"","background-image":"","background-repeat":"repeat","background-position":"center center","background-size":"auto","background-attachment":"scroll","background-type":"","background-media":"","overlay-type":"","overlay-color":"","overlay-opacity":"","overlay-gradient":""},"mobile":{"background-color":"","background-image":"","background-repeat":"repeat","background-position":"center center","background-size":"auto","background-attachment":"scroll","background-type":"","background-media":"","overlay-type":"","overlay-color":"","overlay-opacity":"","overlay-gradient":""}},"ast-content-background-meta":{"desktop":{"background-color":"var(--ast-global-color-5)","background-image":"","background-repeat":"repeat","background-position":"center center","background-size":"auto","background-attachment":"scroll","background-type":"","background-media":"","overlay-type":"","overlay-color":"","overlay-opacity":"","overlay-gradient":""},"tablet":{"background-color":"var(--ast-global-color-5)","background-image":"","background-repeat":"repeat","background-position":"center center","background-size":"auto","background-attachment":"scroll","background-type":"","background-media":"","overlay-type":"","overlay-color":"","overlay-opacity":"","overlay-gradient":""},"mobile":{"background-color":"var(--ast-global-color-5)","background-image":"","background-repeat":"repeat","background-position":"center center","background-size":"auto","background-attachment":"scroll","background-type":"","background-media":"","overlay-type":"","overlay-color":"","overlay-opacity":"","overlay-gradient":""}},"footnotes":""},"class_list":["post-2688","page","type-page","status-publish","hentry"],"jetpack_sharing_enabled":true,"_links":{"self":[{"href":"https:\/\/brandkaleidoscope.info\/es\/wp-json\/wp\/v2\/pages\/2688","targetHints":{"allow":["GET"]}}],"collection":[{"href":"https:\/\/brandkaleidoscope.info\/es\/wp-json\/wp\/v2\/pages"}],"about":[{"href":"https:\/\/brandkaleidoscope.info\/es\/wp-json\/wp\/v2\/types\/page"}],"author":[{"embeddable":true,"href":"https:\/\/brandkaleidoscope.info\/es\/wp-json\/wp\/v2\/users\/1"}],"replies":[{"embeddable":true,"href":"https:\/\/brandkaleidoscope.info\/es\/wp-json\/wp\/v2\/comments?post=2688"}],"version-history":[{"count":40,"href":"https:\/\/brandkaleidoscope.info\/es\/wp-json\/wp\/v2\/pages\/2688\/revisions"}],"predecessor-version":[{"id":3284,"href":"https:\/\/brandkaleidoscope.info\/es\/wp-json\/wp\/v2\/pages\/2688\/revisions\/3284"}],"wp:attachment":[{"href":"https:\/\/brandkaleidoscope.info\/es\/wp-json\/wp\/v2\/media?parent=2688"}],"curies":[{"name":"wp","href":"https:\/\/api.w.org\/{rel}","templated":true}]}}