{"id":21,"date":"2026-03-19T17:52:32","date_gmt":"2026-03-19T09:52:32","guid":{"rendered":"https:\/\/brandkaleidoscope.info\/services\/"},"modified":"2026-03-30T10:41:35","modified_gmt":"2026-03-30T02:41:35","slug":"services","status":"publish","type":"page","link":"https:\/\/brandkaleidoscope.info\/es\/services\/","title":{"rendered":"Servicios"},"content":{"rendered":"<div data-elementor-type=\"wp-post\" data-elementor-id=\"21\" class=\"elementor elementor-21\" data-elementor-post-type=\"page\">\n\t\t\t\t<div class=\"elementor-element elementor-element-9e34934 e-flex e-con-boxed elementor-invisible e-con e-parent\" data-id=\"9e34934\" data-element_type=\"container\" data-e-type=\"container\" data-settings=\"{&quot;background_background&quot;:&quot;classic&quot;,&quot;animation&quot;:&quot;fadeIn&quot;}\">\n\t\t\t\t\t<div class=\"e-con-inner\">\n\t\t<div class=\"elementor-element elementor-element-766767d e-con-full e-flex e-con e-child\" data-id=\"766767d\" data-element_type=\"container\" data-e-type=\"container\">\n\t\t\t\t<div class=\"elementor-element elementor-element-79c0a5d elementor-widget elementor-widget-heading\" data-id=\"79c0a5d\" data-element_type=\"widget\" data-e-type=\"widget\" data-widget_type=\"heading.default\">\n\t\t\t\t<div class=\"elementor-widget-container\">\n\t\t\t\t\t<h1 class=\"elementor-heading-title elementor-size-default\">Servicios<\/h1>\t\t\t\t<\/div>\n\t\t\t\t<\/div>\n\t\t\t\t<div class=\"elementor-element elementor-element-ab84f49 elementor-widget elementor-widget-text-editor\" data-id=\"ab84f49\" data-element_type=\"widget\" data-e-type=\"widget\" data-widget_type=\"text-editor.default\">\n\t\t\t\t<div class=\"elementor-widget-container\">\n\t\t\t\t\t\t\t\t\t<p>Ayudamos a las marcas internacionales a entrar y crecer en el mercado chino. Nuestros servicios abarcan la estrategia de entrada en el mercado, la localizaci\u00f3n de marcas, el desarrollo de socios y la ejecuci\u00f3n de marketing para crear una presencia de marca s\u00f3lida y sostenible en China.<\/p>\t\t\t\t\t\t\t\t<\/div>\n\t\t\t\t<\/div>\n\t\t\t\t<\/div>\n\t\t\t\t\t<\/div>\n\t\t\t\t<\/div>\n\t\t<div class=\"elementor-element elementor-element-37dd287 e-flex e-con-boxed e-con e-parent\" data-id=\"37dd287\" data-element_type=\"container\" data-e-type=\"container\" data-settings=\"{&quot;background_background&quot;:&quot;classic&quot;}\">\n\t\t\t\t\t<div class=\"e-con-inner\">\n\t\t<div class=\"elementor-element elementor-element-bcd65e2 e-con-full e-flex e-con e-child\" data-id=\"bcd65e2\" data-element_type=\"container\" data-e-type=\"container\">\n\t\t\t\t<div class=\"elementor-element elementor-element-fcc12c0 e-transform hfe-content-align-left elementor-widget elementor-widget-hfe-woo-product-grid\" data-id=\"fcc12c0\" data-element_type=\"widget\" data-e-type=\"widget\" data-settings=\"{&quot;columns&quot;:&quot;3&quot;,&quot;_animation&quot;:&quot;none&quot;,&quot;columns_tablet&quot;:&quot;3&quot;,&quot;columns_mobile&quot;:&quot;1&quot;,&quot;content_alignment&quot;:&quot;left&quot;,&quot;_transform_rotateZ_effect&quot;:{&quot;unit&quot;:&quot;px&quot;,&quot;size&quot;:&quot;&quot;,&quot;sizes&quot;:[]},&quot;_transform_rotateZ_effect_tablet&quot;:{&quot;unit&quot;:&quot;deg&quot;,&quot;size&quot;:&quot;&quot;,&quot;sizes&quot;:[]},&quot;_transform_rotateZ_effect_mobile&quot;:{&quot;unit&quot;:&quot;deg&quot;,&quot;size&quot;:&quot;&quot;,&quot;sizes&quot;:[]}}\" data-widget_type=\"hfe-woo-product-grid.default\">\n\t\t\t\t<div class=\"elementor-widget-container\">\n\t\t\t\t\t\t\t<div class=\"hfe-woo-products-wrapper\">\n\t\t\t<div class=\"hfe-woo-products-grid\">\n\t\t\t\t\t\t<div class=\"hfe-product-item\">\n\t\t\t\t\t\t\t<div class=\"hfe-product-image\">\n\t\t\t\t\t<a href=\"https:\/\/brandkaleidoscope.info\/es\/producto\/rednote-consultation-2\/\">\n\t\t\t\t\t\t<img fetchpriority=\"high\" decoding=\"async\" width=\"600\" height=\"600\" src=\"https:\/\/brandkaleidoscope.info\/wp-content\/uploads\/2026\/03\/\u7a3f\u5b9a\u8bbe\u8ba1-3-600x600.jpg\" class=\"attachment-woocommerce_single size-woocommerce_single\" alt=\"\u7a3f\u5b9a\u8bbe\u8ba1 3\" title=\"Verificaci\u00f3n de cuenta RedNote\">\t\t\t\t\t<\/a>\n\t\t\t\t<\/div>\n\t\t\t\n\t\t\t<div class=\"hfe-product-content\">\n\t\t\t\t\n\t\t\t\t\t\t\t\t\t<div class=\"hfe-product-title\">\n\t\t\t\t\t\t<a href=\"https:\/\/brandkaleidoscope.info\/es\/producto\/rednote-consultation-2\/\" class=\"hfe-loop-product__link\">\n\t\t\t\t\t\t\t<h2 class=\"woocommerce-loop-product__title\">Consulta RedNote<\/h2>\t\t\t\t\t\t<\/a>\n\t\t\t\t\t<\/div>\n\t\t\t\t\n\t\t\t\t\t\t\t\t\t<div class=\"hfe-product-rating\">\n\t\t\t\t\t\t\t\t\t\t\t<\/div>\n\t\t\t\t\n\t\t\t\t\t\t\t\t\t<div class=\"hfe-product-price\">\n\t\t\t\t\t\t\n\t<span class=\"price\"><span class=\"woocommerce-Price-amount amount\"><bdi><span class=\"woocommerce-Price-currencySymbol\">&#36;<\/span>500.00<\/bdi><\/span><\/span>\n\t\t\t\t\t<\/div>\n\t\t\t\t\n\t\t\t\t\n\t\t\t\t\t\t\t\t\t<div class=\"hfe-product-add-to-cart\">\n\t\t\t\t\t\t<a href=\"https:\/\/brandkaleidoscope.info\/es\/producto\/rednote-consultation-2\/\" aria-describedby=\"woocommerce_loop_add_to_cart_link_describedby_2768\" data-quantity=\"1\" class=\"button product_type_booking add_to_cart_button\" data-product_id=\"2768\" data-product_sku=\"\" aria-label=\"Lee m\u00e1s sobre \u201cRedNote Consultation\u201d\" rel=\"nofollow\" data-no-translation=\"\" data-trp-gettext=\"\" data-no-translation-aria-label=\"\">Book Now<\/a>\t<span id=\"woocommerce_loop_add_to_cart_link_describedby_2768\" class=\"screen-reader-text\">\n\t\t\t<\/span>\n\t\t\t\t\t<\/div>\n\t\t\t\t\t\t\t<\/div>\n\t\t<\/div>\n\t\t\t\t<div class=\"hfe-product-item\">\n\t\t\t\t\t\t\t<div class=\"hfe-product-image\">\n\t\t\t\t\t<a href=\"https:\/\/brandkaleidoscope.info\/es\/producto\/custom-rednote-kol-campaign-strategy\/\">\n\t\t\t\t\t\t<img decoding=\"async\" width=\"600\" height=\"600\" src=\"https:\/\/brandkaleidoscope.info\/wp-content\/uploads\/2026\/03\/\u7a3f\u5b9a\u8bbe\u8ba1-2-1-600x600.jpg\" class=\"attachment-woocommerce_single size-woocommerce_single\" alt=\"\u7a3f\u5b9a\u8bbe\u8ba1 2\" title=\"Verificaci\u00f3n de cuenta RedNote\">\t\t\t\t\t<\/a>\n\t\t\t\t<\/div>\n\t\t\t\n\t\t\t<div class=\"hfe-product-content\">\n\t\t\t\t\n\t\t\t\t\t\t\t\t\t<div class=\"hfe-product-title\">\n\t\t\t\t\t\t<a href=\"https:\/\/brandkaleidoscope.info\/es\/producto\/custom-rednote-kol-campaign-strategy\/\" class=\"hfe-loop-product__link\">\n\t\t\t\t\t\t\t<h2 class=\"woocommerce-loop-product__title\">Estrategia de la campa\u00f1a RedNote KOL<\/h2>\t\t\t\t\t\t<\/a>\n\t\t\t\t\t<\/div>\n\t\t\t\t\n\t\t\t\t\t\t\t\t\t<div class=\"hfe-product-rating\">\n\t\t\t\t\t\t\t\t\t\t\t<\/div>\n\t\t\t\t\n\t\t\t\t\t\t\t\t\t<div class=\"hfe-product-price\">\n\t\t\t\t\t\t\n\t<span class=\"price\"><span class=\"woocommerce-Price-amount amount\"><bdi><span class=\"woocommerce-Price-currencySymbol\">&#36;<\/span>1,500.00<\/bdi><\/span><\/span>\n\t\t\t\t\t<\/div>\n\t\t\t\t\n\t\t\t\t\n\t\t\t\t\t\t\t\t\t<div class=\"hfe-product-add-to-cart\">\n\t\t\t\t\t\t<a href=\"\/es\/wp-json\/wp\/v2\/pages\/21?add-to-cart=2765\" aria-describedby=\"woocommerce_loop_add_to_cart_link_describedby_2765\" data-quantity=\"1\" class=\"button product_type_simple add_to_cart_button ajax_add_to_cart\" data-product_id=\"2765\" data-product_sku=\"\" aria-label=\"A\u00f1adir al carrito: \u201cRedNote KOL Campaign Strategy\u201d\" rel=\"nofollow\" data-success_message=\"\u00abRedNote KOL Campaign Strategy\u00bb se ha a\u00f1adido a tu carrito\" role=\"button\" data-no-translation=\"\" data-trp-gettext=\"\" data-no-translation-aria-label=\"\" data-no-translation-data-success_message=\"\">Add to Bag<\/a>\t<span id=\"woocommerce_loop_add_to_cart_link_describedby_2765\" class=\"screen-reader-text\">\n\t\t\t<\/span>\n\t\t\t\t\t<\/div>\n\t\t\t\t\t\t\t<\/div>\n\t\t<\/div>\n\t\t\t\t<div class=\"hfe-product-item\">\n\t\t\t\t\t\t\t<div class=\"hfe-product-image\">\n\t\t\t\t\t<a href=\"https:\/\/brandkaleidoscope.info\/es\/producto\/rednote-business-account-verification-done-for-you\/\">\n\t\t\t\t\t\t<img decoding=\"async\" width=\"600\" height=\"600\" src=\"https:\/\/brandkaleidoscope.info\/wp-content\/uploads\/2026\/03\/\u7a3f\u5b9a\u8bbe\u8ba1-1-1-600x600.jpg\" class=\"attachment-woocommerce_single size-woocommerce_single\" alt=\"\u7a3f\u5b9a\u8bbe\u8ba1 1\" title=\"Verificaci\u00f3n de cuenta RedNote\">\t\t\t\t\t<\/a>\n\t\t\t\t<\/div>\n\t\t\t\n\t\t\t<div class=\"hfe-product-content\">\n\t\t\t\t\n\t\t\t\t\t\t\t\t\t<div class=\"hfe-product-title\">\n\t\t\t\t\t\t<a href=\"https:\/\/brandkaleidoscope.info\/es\/producto\/rednote-business-account-verification-done-for-you\/\" class=\"hfe-loop-product__link\">\n\t\t\t\t\t\t\t<h2 class=\"woocommerce-loop-product__title\">Verificaci\u00f3n de cuenta RedNote<\/h2>\t\t\t\t\t\t<\/a>\n\t\t\t\t\t<\/div>\n\t\t\t\t\n\t\t\t\t\t\t\t\t\t<div class=\"hfe-product-rating\">\n\t\t\t\t\t\t\t\t\t\t\t<\/div>\n\t\t\t\t\n\t\t\t\t\t\t\t\t\t<div class=\"hfe-product-price\">\n\t\t\t\t\t\t\n\t<span class=\"price\"><span class=\"woocommerce-Price-amount amount\"><bdi><span class=\"woocommerce-Price-currencySymbol\">&#36;<\/span>1,000.00<\/bdi><\/span><\/span>\n\t\t\t\t\t<\/div>\n\t\t\t\t\n\t\t\t\t\n\t\t\t\t\t\t\t\t\t<div class=\"hfe-product-add-to-cart\">\n\t\t\t\t\t\t<a href=\"\/es\/wp-json\/wp\/v2\/pages\/21?add-to-cart=2724\" aria-describedby=\"woocommerce_loop_add_to_cart_link_describedby_2724\" data-quantity=\"1\" class=\"button product_type_simple add_to_cart_button ajax_add_to_cart\" data-product_id=\"2724\" data-product_sku=\"\" aria-label=\"A\u00f1adir al carrito: \u201cRedNote Account Verification\u201d\" rel=\"nofollow\" data-success_message=\"\u00abRedNote Account Verification\u00bb se ha a\u00f1adido a tu carrito\" role=\"button\" data-no-translation=\"\" data-trp-gettext=\"\" data-no-translation-aria-label=\"\" data-no-translation-data-success_message=\"\">Add to Bag<\/a>\t<span id=\"woocommerce_loop_add_to_cart_link_describedby_2724\" class=\"screen-reader-text\">\n\t\t\t<\/span>\n\t\t\t\t\t<\/div>\n\t\t\t\t\t\t\t<\/div>\n\t\t<\/div>\n\t\t\t\t\t<\/div>\n\t\t<\/div>\n\t\t\t\t\t\t<\/div>\n\t\t\t\t<\/div>\n\t\t\t\t<\/div>\n\t\t\t\t\t<\/div>\n\t\t\t\t<\/div>\n\t\t\t\t<\/div>","protected":false},"excerpt":{"rendered":"<p>Services We help international brands enter and grow in the Chinese market. Our services cover market entry strategy, brand localization, partner development, and marketing execution to build strong, sustainable brand presence in China. RedNote Consultation &#36;500.00 Book Now Custom RedNote KOL Campaign Strategy &#36;1,500.00 Add to Bag RedNote Business Account Verification (Done For You) &#36;1,000.00 [&hellip;]<\/p>\n","protected":false},"author":1,"featured_media":0,"parent":0,"menu_order":0,"comment_status":"closed","ping_status":"closed","template":"","meta":{"site-sidebar-layout":"no-sidebar","site-content-layout":"page-builder","ast-site-content-layout":"default","site-content-style":"default","site-sidebar-style":"default","ast-global-header-display":"","ast-banner-title-visibility":"","ast-main-header-display":"","ast-hfb-above-header-display":"","ast-hfb-below-header-display":"","ast-hfb-mobile-header-display":"","site-post-title":"disabled","ast-breadcrumbs-content":"","ast-featured-img":"disabled","footer-sml-layout":"","ast-disable-related-posts":"","theme-transparent-header-meta":"enabled","adv-header-id-meta":"","stick-header-meta":"","header-above-stick-meta":"","header-main-stick-meta":"","header-below-stick-meta":"","astra-migrate-meta-layouts":"default","ast-page-background-enabled":"default","ast-page-background-meta":{"desktop":{"background-color":"","background-image":"","background-repeat":"repeat","background-position":"center center","background-size":"auto","background-attachment":"scroll","background-type":"","background-media":"","overlay-type":"","overlay-color":"","overlay-opacity":"","overlay-gradient":""},"tablet":{"background-color":"","background-image":"","background-repeat":"repeat","background-position":"center center","background-size":"auto","background-attachment":"scroll","background-type":"","background-media":"","overlay-type":"","overlay-color":"","overlay-opacity":"","overlay-gradient":""},"mobile":{"background-color":"","background-image":"","background-repeat":"repeat","background-position":"center center","background-size":"auto","background-attachment":"scroll","background-type":"","background-media":"","overlay-type":"","overlay-color":"","overlay-opacity":"","overlay-gradient":""}},"ast-content-background-meta":{"desktop":{"background-color":"var(--ast-global-color-5)","background-image":"","background-repeat":"repeat","background-position":"center center","background-size":"auto","background-attachment":"scroll","background-type":"","background-media":"","overlay-type":"","overlay-color":"","overlay-opacity":"","overlay-gradient":""},"tablet":{"background-color":"var(--ast-global-color-5)","background-image":"","background-repeat":"repeat","background-position":"center center","background-size":"auto","background-attachment":"scroll","background-type":"","background-media":"","overlay-type":"","overlay-color":"","overlay-opacity":"","overlay-gradient":""},"mobile":{"background-color":"var(--ast-global-color-5)","background-image":"","background-repeat":"repeat","background-position":"center center","background-size":"auto","background-attachment":"scroll","background-type":"","background-media":"","overlay-type":"","overlay-color":"","overlay-opacity":"","overlay-gradient":""}},"footnotes":""},"class_list":["post-21","page","type-page","status-publish","hentry","desktop-align-left","tablet-align-left","mobile-align-left"],"jetpack_sharing_enabled":true,"_links":{"self":[{"href":"https:\/\/brandkaleidoscope.info\/es\/wp-json\/wp\/v2\/pages\/21","targetHints":{"allow":["GET"]}}],"collection":[{"href":"https:\/\/brandkaleidoscope.info\/es\/wp-json\/wp\/v2\/pages"}],"about":[{"href":"https:\/\/brandkaleidoscope.info\/es\/wp-json\/wp\/v2\/types\/page"}],"author":[{"embeddable":true,"href":"https:\/\/brandkaleidoscope.info\/es\/wp-json\/wp\/v2\/users\/1"}],"replies":[{"embeddable":true,"href":"https:\/\/brandkaleidoscope.info\/es\/wp-json\/wp\/v2\/comments?post=21"}],"version-history":[{"count":65,"href":"https:\/\/brandkaleidoscope.info\/es\/wp-json\/wp\/v2\/pages\/21\/revisions"}],"predecessor-version":[{"id":3299,"href":"https:\/\/brandkaleidoscope.info\/es\/wp-json\/wp\/v2\/pages\/21\/revisions\/3299"}],"wp:attachment":[{"href":"https:\/\/brandkaleidoscope.info\/es\/wp-json\/wp\/v2\/media?parent=21"}],"curies":[{"name":"wp","href":"https:\/\/api.w.org\/{rel}","templated":true}]}}