{"id":2768,"date":"2026-03-20T13:33:12","date_gmt":"2026-03-20T05:33:12","guid":{"rendered":"https:\/\/brandkaleidoscope.info\/?post_type=product&#038;p=2768"},"modified":"2026-03-29T11:13:51","modified_gmt":"2026-03-29T03:13:51","slug":"rednote-consultation-2","status":"publish","type":"product","link":"https:\/\/brandkaleidoscope.info\/de\/produkt\/rednote-consultation-2\/","title":{"rendered":"RedNote-Beratung"},"content":{"rendered":"<p>Kundenspezifisch <strong>1:1-Sitzungen<\/strong>\u00a0erhalten Sie ein klares Verst\u00e4ndnis der Details von REDNOTE und erfahren, wie Sie die Pr\u00e4senz Ihrer Marke verbessern, organisierte Inhalte erstellen und die Sichtbarkeit erh\u00f6hen k\u00f6nnen, und erhalten so das R\u00fcstzeug f\u00fcr einen erfolgreichen Start.<\/p>\n<p>\u200b<\/p>\n<p>\ud83d\udcc3 Fragebogen vor dem Anruf<\/p>\n<p>\u260e\ufe0f 60 min Zoom Call (aufgezeichnet, damit Sie immer wieder darauf zur\u00fcckgreifen k\u00f6nnen)<\/p>\n<p>\ud83c\udfc3 Kontopr\u00fcfung und individueller Aktionsplan (w\u00e4hrend des Gespr\u00e4chs)<\/p>\n<p>\ud83d\udce7 E-Mail-Support f\u00fcr eine Woche nach unserem Anruf<\/p>\n<p>\u200b<\/p>\n<p><strong>*Bitte buchen Sie mindestens 3 Tage im Voraus vor unserer Konsultation.<\/strong><\/p>\n<p>&nbsp;<\/p>\n<p><strong>Dauer: <\/strong><strong>1 Stunde<\/strong><\/p>\n<p><strong>Preis: <\/strong><strong>$500<\/strong><\/p>\n<p>*Strategiesitzungen und Beratungsdienste werden nach dem Kauf aufgrund der Zeitreservierung und Vorbereitung nicht erstattet.<\/p>","protected":false},"excerpt":{"rendered":"<p>Customized 1:1 sessions\u00a0get a clear understanding of REDNOTE&#8217;s details and learn how to enhance your brand&#8217;s presence, create organized content, and boost visibility, equipping you with the tools for a successful start. \u200b \ud83d\udcc3\u00a0 Pre-Call Questionnaire \u260e\ufe0f\u00a0 60 min Zoom Call (recorded so you can always refer back to) \ud83c\udfc3\u00a0 Account Audit &amp; Customized Action [&hellip;]<\/p>\n","protected":false},"featured_media":3229,"comment_status":"open","ping_status":"closed","template":"","meta":{"site-sidebar-layout":"default","site-content-layout":"","ast-site-content-layout":"default","site-content-style":"default","site-sidebar-style":"default","ast-global-header-display":"","ast-banner-title-visibility":"","ast-main-header-display":"","ast-hfb-above-header-display":"","ast-hfb-below-header-display":"","ast-hfb-mobile-header-display":"","site-post-title":"","ast-breadcrumbs-content":"","ast-featured-img":"","footer-sml-layout":"","ast-disable-related-posts":"","theme-transparent-header-meta":"default","adv-header-id-meta":"","stick-header-meta":"","header-above-stick-meta":"","header-main-stick-meta":"","header-below-stick-meta":"","astra-migrate-meta-layouts":"set","ast-page-background-enabled":"default","ast-page-background-meta":{"desktop":{"background-color":"","background-image":"","background-repeat":"repeat","background-position":"center center","background-size":"auto","background-attachment":"scroll","background-type":"","background-media":"","overlay-type":"","overlay-color":"","overlay-opacity":"","overlay-gradient":""},"tablet":{"background-color":"","background-image":"","background-repeat":"repeat","background-position":"center center","background-size":"auto","background-attachment":"scroll","background-type":"","background-media":"","overlay-type":"","overlay-color":"","overlay-opacity":"","overlay-gradient":""},"mobile":{"background-color":"","background-image":"","background-repeat":"repeat","background-position":"center center","background-size":"auto","background-attachment":"scroll","background-type":"","background-media":"","overlay-type":"","overlay-color":"","overlay-opacity":"","overlay-gradient":""}},"ast-content-background-meta":{"desktop":{"background-color":"var(--ast-global-color-5)","background-image":"","background-repeat":"repeat","background-position":"center center","background-size":"auto","background-attachment":"scroll","background-type":"","background-media":"","overlay-type":"","overlay-color":"","overlay-opacity":"","overlay-gradient":""},"tablet":{"background-color":"var(--ast-global-color-5)","background-image":"","background-repeat":"repeat","background-position":"center center","background-size":"auto","background-attachment":"scroll","background-type":"","background-media":"","overlay-type":"","overlay-color":"","overlay-opacity":"","overlay-gradient":""},"mobile":{"background-color":"var(--ast-global-color-5)","background-image":"","background-repeat":"repeat","background-position":"center center","background-size":"auto","background-attachment":"scroll","background-type":"","background-media":"","overlay-type":"","overlay-color":"","overlay-opacity":"","overlay-gradient":""}}},"product_brand":[],"product_cat":[21],"product_tag":[27],"class_list":{"0":"post-2768","1":"product","2":"type-product","3":"status-publish","4":"has-post-thumbnail","6":"product_cat-uncategorized","7":"product_tag-booking","8":"desktop-align-left","9":"tablet-align-left","10":"mobile-align-left","12":"first","13":"instock","14":"sold-individually","15":"shipping-taxable","16":"purchasable","17":"product-type-booking"},"booking_location":"","booking_location_type":"","booking_duration":1,"booking_duration_unit":"hour","booking_buffer":0,"booking_cost":500,"booking_resources":[],"jetpack_sharing_enabled":true,"_links":{"self":[{"href":"https:\/\/brandkaleidoscope.info\/de\/wp-json\/wp\/v2\/product\/2768","targetHints":{"allow":["GET"]}}],"collection":[{"href":"https:\/\/brandkaleidoscope.info\/de\/wp-json\/wp\/v2\/product"}],"about":[{"href":"https:\/\/brandkaleidoscope.info\/de\/wp-json\/wp\/v2\/types\/product"}],"replies":[{"embeddable":true,"href":"https:\/\/brandkaleidoscope.info\/de\/wp-json\/wp\/v2\/comments?post=2768"}],"wp:featuredmedia":[{"embeddable":true,"href":"https:\/\/brandkaleidoscope.info\/de\/wp-json\/wp\/v2\/media\/3229"}],"wp:attachment":[{"href":"https:\/\/brandkaleidoscope.info\/de\/wp-json\/wp\/v2\/media?parent=2768"}],"wp:term":[{"taxonomy":"product_brand","embeddable":true,"href":"https:\/\/brandkaleidoscope.info\/de\/wp-json\/wp\/v2\/product_brand?post=2768"},{"taxonomy":"product_cat","embeddable":true,"href":"https:\/\/brandkaleidoscope.info\/de\/wp-json\/wp\/v2\/product_cat?post=2768"},{"taxonomy":"product_tag","embeddable":true,"href":"https:\/\/brandkaleidoscope.info\/de\/wp-json\/wp\/v2\/product_tag?post=2768"}],"curies":[{"name":"wp","href":"https:\/\/api.w.org\/{rel}","templated":true}]}}