{"id":2765,"date":"2026-03-20T09:50:24","date_gmt":"2026-03-20T01:50:24","guid":{"rendered":"https:\/\/brandkaleidoscope.info\/?post_type=product&#038;p=2765"},"modified":"2026-04-02T14:50:39","modified_gmt":"2026-04-02T06:50:39","slug":"custom-rednote-kol-campaign-strategy","status":"publish","type":"product","link":"https:\/\/brandkaleidoscope.info\/de\/produkt\/custom-rednote-kol-campaign-strategy\/","title":{"rendered":"RedNote KOL-Kampagnenstrategie"},"content":{"rendered":"<p>Erschlie\u00dfen Sie das volle Potenzial Ihrer Marke auf RedNote mit einer <strong>KOL-Marketing-Strategie<\/strong> die auf Ihre Ziele, Zielgruppe und Kategorie zugeschnitten sind.<\/p>\n<p>Wenn Sie neu im Influencer-Marketing auf RedNote sind oder bereits Kampagnen durchgef\u00fchrt haben, deren Ergebnisse sich jedoch uneinheitlich anf\u00fchlen, erhalten Sie hier einen klaren Plan, um zu planen, zu briefen und mit Zuversicht auszuf\u00fchren. <strong>ohne monatliches Social Media Management<\/strong>.<\/p>\n<p><strong>Was Sie bekommen:<\/strong><\/p>\n<ul>\n<li>\ud83d\udccb A <strong>Kampagnenstrategie<\/strong> auf Ihre Ziele abgestimmt sind (Bekanntheit, Nachfrage oder Verkauf)<\/li>\n<li>\ud83c\udfaf A <strong>Ersteller-Mix-Plan<\/strong> (KOC vs. Mittelklasse vs. Spitzenklasse) + Auswahlkriterien<\/li>\n<li>\ud83e\udde0 <strong>Kreative Blickwinkel + Briefing-Regie<\/strong> die zur RedNote-Kultur und Ihrem Markenauftritt passen<\/li>\n<li>\ud83d\udd0d A <strong>konkurrenten und markt scannen<\/strong> (wer gewinnt, was funktioniert, wo muss man differenzieren)<\/li>\n<li>\ud83d\udcc8 A <strong>Rahmen f\u00fcr die Nachverfolgung + Erfolgsmetriken<\/strong> (was soll gemessen werden, wie soll gelernt werden, n\u00e4chste Schritte)<\/li>\n<li>\ud83e\uddfe A <strong>schrittweiser Ausf\u00fchrungsplan<\/strong> Ihr Team kann intern arbeiten (Zeitplan, Arbeitsablauf, Ergebnisse)<\/li>\n<\/ul>\n<p><strong>Warum diese Strategie?<\/strong><\/p>\n<p>Es handelt sich nicht um ein Patentrezept. Ich nehme mir die Zeit, Ihre Marke, Ihre Zielgruppe und Ihr Marktumfeld zu verstehen, um eine Strategie zu entwickeln, die zu Ihnen passt. <em>Ihr<\/em> Kategorie und Budget.<\/p>\n<p>Sie werden mit einem Plan nach Hause gehen, der realistisch, kulturell flie\u00dfend und durchf\u00fchrbar ist - unabh\u00e4ngig davon, ob Ihr Team ihn intern ausf\u00fchrt oder Sie sich sp\u00e4ter entscheiden, Teile der Ausf\u00fchrung auszulagern.<\/p>\n<p><strong>Wie wir arbeiten:<\/strong><\/p>\n<p>1\ufe0f\u20e3 Nach dem Kauf erhalten Sie eine <strong>Dokument \u00fcber die automatische Zustellungsannahme<\/strong> \u00fcber die <strong>Bestellbest\u00e4tigungsseite<\/strong> damit ich Ihre Marke, Ihre Ziele und Ihre Beschr\u00e4nkungen kennenlerne.<\/p>\n<p>2\ufe0f\u20e3 Sobald ich Ihre Antworten erhalten habe, werde ich Ihr aktuelles Verm\u00f6gen pr\u00fcfen und eventuell einige kl\u00e4rende Fragen stellen.<\/p>\n<p>3\ufe0f\u20e3 Innerhalb der n\u00e4chsten Woche werde ich Ihre <strong>individuelle KOL-Kampagnenstrategie<\/strong> und liefern sie Ihnen.<\/p>\n<p>4\ufe0f\u20e3 Wir werden einen Termin <strong>30-min\u00fctiges Gespr\u00e4ch<\/strong> um den Plan durchzugehen und sicherzustellen, dass Sie wissen, wie Sie ihn umsetzen k\u00f6nnen.<\/p>\n<p><strong>Ideal f\u00fcr:<\/strong><\/p>\n<ul>\n<li>Marken bereiten ihren ersten RedNote KOL-Test vor<\/li>\n<li>Marken, die Inhalte ver\u00f6ffentlicht haben, aber eine klare <strong>Kampagnenplan<\/strong> um Ergebnisse zu erzielen<\/li>\n<li>Gr\u00fcnder und Marketingteams, die eine fachkundige Anleitung w\u00fcnschen <strong>ohne monatliche Verwaltungspauschale<\/strong><\/li>\n<\/ul>\n<p>*Strategiesitzungen und Beratungsdienste werden nach dem Kauf aufgrund der Zeitreservierung und Vorbereitung nicht erstattet.<\/p>","protected":false},"excerpt":{"rendered":"<p>Unlock your brand\u2019s full potential on RedNote with a KOL marketing strategy tailored to your goals, audience, and category. If you\u2019re new to influencer marketing on RedNote, or you\u2019ve run campaigns but results feel inconsistent, this gives you a clear blueprint to plan, brief, and execute with confidence \u2014 without monthly social media management. What [&hellip;]<\/p>\n","protected":false},"featured_media":3233,"comment_status":"open","ping_status":"closed","template":"","meta":{"site-sidebar-layout":"default","site-content-layout":"","ast-site-content-layout":"default","site-content-style":"default","site-sidebar-style":"default","ast-global-header-display":"","ast-banner-title-visibility":"","ast-main-header-display":"","ast-hfb-above-header-display":"","ast-hfb-below-header-display":"","ast-hfb-mobile-header-display":"","site-post-title":"","ast-breadcrumbs-content":"","ast-featured-img":"","footer-sml-layout":"","ast-disable-related-posts":"","theme-transparent-header-meta":"default","adv-header-id-meta":"","stick-header-meta":"","header-above-stick-meta":"","header-main-stick-meta":"","header-below-stick-meta":"","astra-migrate-meta-layouts":"set","ast-page-background-enabled":"default","ast-page-background-meta":{"desktop":{"background-color":"","background-image":"","background-repeat":"repeat","background-position":"center center","background-size":"auto","background-attachment":"scroll","background-type":"","background-media":"","overlay-type":"","overlay-color":"","overlay-opacity":"","overlay-gradient":""},"tablet":{"background-color":"","background-image":"","background-repeat":"repeat","background-position":"center center","background-size":"auto","background-attachment":"scroll","background-type":"","background-media":"","overlay-type":"","overlay-color":"","overlay-opacity":"","overlay-gradient":""},"mobile":{"background-color":"","background-image":"","background-repeat":"repeat","background-position":"center center","background-size":"auto","background-attachment":"scroll","background-type":"","background-media":"","overlay-type":"","overlay-color":"","overlay-opacity":"","overlay-gradient":""}},"ast-content-background-meta":{"desktop":{"background-color":"var(--ast-global-color-5)","background-image":"","background-repeat":"repeat","background-position":"center center","background-size":"auto","background-attachment":"scroll","background-type":"","background-media":"","overlay-type":"","overlay-color":"","overlay-opacity":"","overlay-gradient":""},"tablet":{"background-color":"var(--ast-global-color-5)","background-image":"","background-repeat":"repeat","background-position":"center center","background-size":"auto","background-attachment":"scroll","background-type":"","background-media":"","overlay-type":"","overlay-color":"","overlay-opacity":"","overlay-gradient":""},"mobile":{"background-color":"var(--ast-global-color-5)","background-image":"","background-repeat":"repeat","background-position":"center center","background-size":"auto","background-attachment":"scroll","background-type":"","background-media":"","overlay-type":"","overlay-color":"","overlay-opacity":"","overlay-gradient":""}}},"product_brand":[],"product_cat":[21],"product_tag":[],"class_list":{"0":"post-2765","1":"product","2":"type-product","3":"status-publish","4":"has-post-thumbnail","6":"product_cat-uncategorized","7":"desktop-align-left","8":"tablet-align-left","9":"mobile-align-left","11":"first","12":"instock","13":"shipping-taxable","14":"purchasable","15":"product-type-simple"},"booking_location":null,"booking_location_type":null,"booking_duration":null,"booking_duration_unit":null,"booking_buffer":null,"booking_cost":null,"booking_resources":null,"jetpack_sharing_enabled":true,"_links":{"self":[{"href":"https:\/\/brandkaleidoscope.info\/de\/wp-json\/wp\/v2\/product\/2765","targetHints":{"allow":["GET"]}}],"collection":[{"href":"https:\/\/brandkaleidoscope.info\/de\/wp-json\/wp\/v2\/product"}],"about":[{"href":"https:\/\/brandkaleidoscope.info\/de\/wp-json\/wp\/v2\/types\/product"}],"replies":[{"embeddable":true,"href":"https:\/\/brandkaleidoscope.info\/de\/wp-json\/wp\/v2\/comments?post=2765"}],"wp:featuredmedia":[{"embeddable":true,"href":"https:\/\/brandkaleidoscope.info\/de\/wp-json\/wp\/v2\/media\/3233"}],"wp:attachment":[{"href":"https:\/\/brandkaleidoscope.info\/de\/wp-json\/wp\/v2\/media?parent=2765"}],"wp:term":[{"taxonomy":"product_brand","embeddable":true,"href":"https:\/\/brandkaleidoscope.info\/de\/wp-json\/wp\/v2\/product_brand?post=2765"},{"taxonomy":"product_cat","embeddable":true,"href":"https:\/\/brandkaleidoscope.info\/de\/wp-json\/wp\/v2\/product_cat?post=2765"},{"taxonomy":"product_tag","embeddable":true,"href":"https:\/\/brandkaleidoscope.info\/de\/wp-json\/wp\/v2\/product_tag?post=2765"}],"curies":[{"name":"wp","href":"https:\/\/api.w.org\/{rel}","templated":true}]}}